{"id":101,"date":"2023-02-07T21:16:07","date_gmt":"2023-02-07T20:16:07","guid":{"rendered":"https:\/\/kwub.ch\/?page_id=101"},"modified":"2023-02-07T21:16:07","modified_gmt":"2023-02-07T20:16:07","slug":"links","status":"publish","type":"page","link":"https:\/\/kwub.ch\/?page_id=101","title":{"rendered":"LINKS"},"content":{"rendered":"<p><!--:de--><strong> N\u00fctzliche Links<\/strong><\/p>\n<p><strong>Allgemeine Informationen \u00fcber Tumoren<\/strong><\/p>\n<ul>\n<li><a href=\"http:\/\/www.swissorthopaedics.ch\">Schweizerische Gesellschaft f\u00fcr Orthop\u00e4die und Traumatologie<\/a><\/li>\n<li><a href=\"http:\/\/www.agkt.org\/\">Arbeitsgemeinschaft Knochentumoren (AG-KT) &#8211; www.agkt.org<\/a><\/li>\n<li><a href=\"http:\/\/www.cancer.org\/\" target=\"_blank\" rel=\"noopener\">American Cancer Society &#8211; www.cancer.org<\/a><\/li>\n<li><a href=\"http:\/\/www.bonetumor.org\/\" target=\"_blank\" rel=\"noopener\">www.bonetumor.org<\/a><\/li>\n<\/ul>\n<p><strong>Kliniken<\/strong><\/p>\n<ul>\n<li><a href=\"http:\/\/www.ukbb.ch\/\">Universit\u00e4ts-Kinderspital beider Basel &#8211; www.ukbb.ch<\/a><\/li>\n<li><a href=\"http:\/\/www.unispital-basel.ch\/\">Universit\u00e4tsspital Basel &#8211; www.unispital-basel.ch<\/a><\/li>\n<li><a href=\"http:\/\/vmwebln01.uhbs.ch\/das-universitaetsspital\/behandlungszentren\/tumorzentrum\/organtumorzentren\/\">Tumorzentrum Universit\u00e4tsspital Basel<\/a><\/li>\n<li><a href=\"http:\/\/www.merianiselin.ch\/\">Merian Iselin Spital, Basel &#8211; www.merianiselin.ch<\/a><\/li>\n<li><a href=\"http:\/\/www.imamed.ch\/\">IMAMED Radiologie Nordwest &#8211; www.imamed.ch<\/a><\/li>\n<li><a href=\"http:\/\/www.ksli.ch\/\">Kantonsspital Liestal &#8211; www.ksli.ch<\/a><\/li>\n<li><a href=\"http:\/\/www.ksa.ch\/\">Kantonsspital Aarau &#8211; www.ksa.ch<\/a><\/li>\n<li><a href=\"http:\/\/www.so-h.ch\/kantonsspital-olten\/\">Kantonsspital Olten &#8211; www.so-h.ch\/kantonsspital-olten<\/a><\/li>\n<li><a href=\"http:\/\/www.luks.ch\/de\/standorte\/luzern\/kliniken\/kinderspital.html\">Kinderspital Luzern &#8211; www.luks.ch<\/a><\/li>\n<\/ul>\n<p><strong>Selbsthilfegruppen<\/strong><\/p>\n<ul>\n<li><a href=\"http:\/\/www.zentrumselbsthilfe.ch\">Zentrum Selbsthilfe Basel &#8211; www.zentrumselbsthilfe.ch<\/a><\/li>\n<li><a href=\"http:\/\/www.gist.ch\/\">GIST-Gruppe und Sarkome &#8211; www.gist.ch<\/a><\/li>\n<li><a href=\"http:\/\/www.lymphome.ch\">Schweizerische Patientenorganisation f\u00fcr Lymphombetroffene und Angeh\u00f6rige &#8211; www.lymphome.ch<\/a><\/li>\n<li><a href=\"http:\/\/basel.krebsliga.ch\/\">Krebsliga beider Basel &#8211; basel.krebsliga.ch<\/a><\/li>\n<li><a href=\"http:\/\/verein-aurora.ch\/\">Verein Aurora, Kontaktstelle f\u00fcr Verwitwete mit minderj\u00e4hrigen Kindern &#8211; verein-aurora.ch<\/a><\/li>\n<li><a href=\"http:\/\/multiples-myelom.ch\/\">Myelom Patienten Schweiz (MPS) &#8211; multiples-myelom.ch<\/a><\/li>\n<li><a href=\"http:\/\/www.ilco.ch\/\">ilco &#8211; Vereinigung (Ileostomie, Colostomie, Urostomie) &#8211; www.ilco.ch<\/a><\/li>\n<li><a href=\"http:\/\/www.propatient.ch\/\">Propatient &#8211; www.propatient.ch<\/a><\/li>\n<li><a href=\"http:\/\/www.lgfb.ch\">Stiftung Look Good Feel Better &#8211; www.lgfb.ch<\/a><\/li>\n<li><a href=\"http:\/\/www.europadonna.ch\">Europa Donna Schweiz &#8211; www.europadonna.ch<\/a><\/li>\n<li><a href=\"http:\/\/www.tavola-rosa.ch\">Tavola Rosa Basel &#8211; www.tavola-rosa.ch<\/a><\/li>\n<li><a href=\"http:\/\/www.snbst.ch\">Schweizer Netzwerk Blutstammzelltransplanierter SNBST &#8211; www.snbst.ch<\/a><\/li>\n<\/ul>\n<h4>\u00a0Literatur<\/h4>\n<ul>\n<li><a href=\"https:\/\/www.asco.org\/sites\/new-www.asco.org\/files\/content-files\/research-and-progress\/documents\/2011-blueprint-accelerating-progress-against-cancer.pdf\"><em>Accelerating Progress Against Cancer: ASCO\u2019s Blueprint for Transforming Clinical and Translational Cancer Research<\/em> (PDF)<\/a><\/li>\n<\/ul>\n","protected":false},"excerpt":{"rendered":"<p>N\u00fctzliche Links Allgemeine Informationen \u00fcber Tumoren Schweizerische Gesellschaft f\u00fcr Orthop\u00e4die und Traumatologie Arbeitsgemeinschaft Knochentumoren (AG-KT) &#8211; www.agkt.org American Cancer Society &#8211; www.cancer.org www.bonetumor.org Kliniken Universit\u00e4ts-Kinderspital beider Basel &#8211; www.ukbb.ch Universit\u00e4tsspital Basel &#8211; www.unispital-basel.ch Tumorzentrum Universit\u00e4tsspital Basel Merian Iselin Spital, Basel &#8211; www.merianiselin.ch IMAMED Radiologie Nordwest &#8211; www.imamed.ch Kantonsspital Liestal &#8211; www.ksli.ch Kantonsspital Aarau &#8211; www.ksa.ch [&hellip;]<\/p>\n","protected":false},"author":1,"featured_media":0,"parent":0,"menu_order":7,"comment_status":"closed","ping_status":"closed","template":"","meta":{"footnotes":""},"class_list":["post-101","page","type-page","status-publish","hentry"],"_links":{"self":[{"href":"https:\/\/kwub.ch\/index.php?rest_route=\/wp\/v2\/pages\/101","targetHints":{"allow":["GET"]}}],"collection":[{"href":"https:\/\/kwub.ch\/index.php?rest_route=\/wp\/v2\/pages"}],"about":[{"href":"https:\/\/kwub.ch\/index.php?rest_route=\/wp\/v2\/types\/page"}],"author":[{"embeddable":true,"href":"https:\/\/kwub.ch\/index.php?rest_route=\/wp\/v2\/users\/1"}],"replies":[{"embeddable":true,"href":"https:\/\/kwub.ch\/index.php?rest_route=%2Fwp%2Fv2%2Fcomments&post=101"}],"version-history":[{"count":1,"href":"https:\/\/kwub.ch\/index.php?rest_route=\/wp\/v2\/pages\/101\/revisions"}],"predecessor-version":[{"id":102,"href":"https:\/\/kwub.ch\/index.php?rest_route=\/wp\/v2\/pages\/101\/revisions\/102"}],"wp:attachment":[{"href":"https:\/\/kwub.ch\/index.php?rest_route=%2Fwp%2Fv2%2Fmedia&parent=101"}],"curies":[{"name":"wp","href":"https:\/\/api.w.org\/{rel}","templated":true}]}}