{"id":12,"date":"2023-02-06T01:20:42","date_gmt":"2023-02-06T01:20:42","guid":{"rendered":"https:\/\/kwub.ch\/?page_id=12"},"modified":"2025-08-27T17:27:43","modified_gmt":"2025-08-27T15:27:43","slug":"home","status":"publish","type":"page","link":"https:\/\/kwub.ch\/","title":{"rendered":"Home"},"content":{"rendered":"<p>Das interdisziplin\u00e4re Knochen- und Weichteiltumorzentrum an der Universit\u00e4t Basel (KWUB) vereint die diagnostische, chirurgische und medizinische Kompetenz zur Behandlung von Patienten mit gut- und b\u00f6sartigen Tumoren am Bewegungsapparat (Sarkomzentrum). Gerade bei der Behandlung b\u00f6sartiger Tumoren am Bewegungsapparat (Sarkome) ben\u00f6tigt man meist ein interdisziplin\u00e4res Vorgehen, so dass bei solchen Operationen neben dem onkologisch erfahrenen Chirurgen der Pathologe und h\u00e4ufig der Onkologe, Gef\u00e4ss- und Plastische Chirurg, aber auch interventionelle Radiologen oder die Radioonkologen zus\u00e4tzlich ben\u00f6tigt werden. Eine solche Behandlung geh\u00f6rt deshalb an eine universit\u00e4re Einrichtung mit den entsprechenden Kompetenzen und Infrastruktur. Unsere onkologischen Experten sind in wichtigen nationalen und internationalen Fachkommissionen vertreten. Aufgrund der langj\u00e4hrigen Expertise und stetigen Pr\u00e4senz auf wissenschaftlichen Kongressen und Fachveranstaltungen hat sich das KWUB als ein \u00fcberregionales Zentrum etabliert. <strong>Wir unterst\u00fctzen auch andere Zentren bei schwierigen F\u00e4llen durch die Erarbeitung von individuellen Therapieempfehlungen im Rahmen einer Zweitmeinung.<\/strong> Mit dem seit 1972 bestehenden Knochentumorreferenzzentrum in der Pathologie am USB, welches 1993 von Herrn Prof. Dr. Wolfgang Remagen an Prof. Dr. Gernot Jundt \u00fcbergeben wurde, konnte dieses Kompetenzzentrum kontinuierlich ausgebaut werden. Prof. Dr. Fritz Hefti hat ab 1982 die onkologische Chirurgie des Bewegungsapparates f\u00fcr Kinder und Erwachsene aufgebaut und am UKBB kontinuierlich weiter entwickelt. Im Jahre 2005 gr\u00fcndeten Prof. Dr. F. Hefti und Prof. Dr. G. Jundt das interdisziplin\u00e4re Knochen- und Weichteiltumorzentrum an der Universit\u00e4t Basel (KWUB). Dieses Zentrum wurde als eines von bislang nur 4 Zentren in Europa und als einziges in der Schweiz von der internationalen <a href=\"http:\/\/www.agkt.org\/\">Arbeitsgemeinschaft Knochentumoren (AGKT)<\/a> als interdisziplin\u00e4res Behandlungszentrum f\u00fcr Knochentumore (Sarkome) anerkannt. Mit dem KWUB wurde ein Forum geschaffen, welches die Kompetenzen sowohl der Kinder- als auch der Erwachsenenmediziner vereint. <strong>Unter der gemeinsamen Leitung von Prof. Dr. Andreas Krieg und Prof. Dr. Christoph Kettelhack findet dieses Meeting w\u00f6chentlich am <a href=\"http:\/\/maps.google.ch\/maps?q=47.56355+N,+7.5813+E&amp;hl=de&amp;ll=47.563532,7.581393&amp;spn=0.006841,0.011019&amp;sll=46.362093,9.036255&amp;sspn=7.164616,11.282959&amp;vpsrc=6&amp;t=h&amp;z=17\">UKBB, Spitalstrasse 33<\/a>, Basel statt,\u00a0mit der M\u00f6glichkeit f\u00fcr die Zuweiser einer pers\u00f6nlichen Teilnahme oder \u00fcber Videokonferenz.\u00a0<\/strong> Der Erfolg beruht nicht zuletzt auf der engen Zusammenarbeit mit allen zuweisenden Kolleginnen und Kollegen, mit den onkologischen Schwerpunktpraxen, der Hauskrankenpflege sowie den Angeh\u00f6rigen der betroffenen Patienten und den Selbsthilfegruppen . \u00a0<\/p>\r\n<p>&nbsp;<\/p>\r\n<div class=\"wp-block-image\">\r\n<figure class=\"aligncenter size-large\"><img decoding=\"async\" class=\"wp-image-1039\" src=\"https:\/\/bojary.home.pl\/autoinstalator\/wordpressplugins\/wp-content\/uploads\/2021\/07\/kwub-circle-scheme-mid.jpg\" alt=\"\" \/><\/figure>\r\n<\/div>","protected":false},"excerpt":{"rendered":"<p>Das interdisziplin\u00e4re Knochen- und Weichteiltumorzentrum an der Universit\u00e4t Basel (KWUB) vereint die diagnostische, chirurgische und medizinische Kompetenz zur Behandlung von Patienten mit gut- und b\u00f6sartigen Tumoren am Bewegungsapparat (Sarkomzentrum). Gerade bei der Behandlung b\u00f6sartiger Tumoren am Bewegungsapparat (Sarkome) ben\u00f6tigt man meist ein interdisziplin\u00e4res Vorgehen, so dass bei solchen Operationen neben dem onkologisch erfahrenen Chirurgen der [&hellip;]<\/p>\n","protected":false},"author":1,"featured_media":0,"parent":0,"menu_order":0,"comment_status":"closed","ping_status":"closed","template":"","meta":{"footnotes":""},"class_list":["post-12","page","type-page","status-publish","hentry"],"_links":{"self":[{"href":"https:\/\/kwub.ch\/index.php?rest_route=\/wp\/v2\/pages\/12","targetHints":{"allow":["GET"]}}],"collection":[{"href":"https:\/\/kwub.ch\/index.php?rest_route=\/wp\/v2\/pages"}],"about":[{"href":"https:\/\/kwub.ch\/index.php?rest_route=\/wp\/v2\/types\/page"}],"author":[{"embeddable":true,"href":"https:\/\/kwub.ch\/index.php?rest_route=\/wp\/v2\/users\/1"}],"replies":[{"embeddable":true,"href":"https:\/\/kwub.ch\/index.php?rest_route=%2Fwp%2Fv2%2Fcomments&post=12"}],"version-history":[{"count":8,"href":"https:\/\/kwub.ch\/index.php?rest_route=\/wp\/v2\/pages\/12\/revisions"}],"predecessor-version":[{"id":335,"href":"https:\/\/kwub.ch\/index.php?rest_route=\/wp\/v2\/pages\/12\/revisions\/335"}],"wp:attachment":[{"href":"https:\/\/kwub.ch\/index.php?rest_route=%2Fwp%2Fv2%2Fmedia&parent=12"}],"curies":[{"name":"wp","href":"https:\/\/api.w.org\/{rel}","templated":true}]}}