{"id":23,"date":"2023-02-06T01:48:23","date_gmt":"2023-02-06T01:48:23","guid":{"rendered":"https:\/\/kwub.ch\/?page_id=23"},"modified":"2023-02-09T05:39:40","modified_gmt":"2023-02-09T04:39:40","slug":"home-3","status":"publish","type":"page","link":"https:\/\/kwub.ch\/?page_id=23&lang=it","title":{"rendered":"Home"},"content":{"rendered":"\n<p>Il Centro Interdisciplinare dei Tumori delle Osse e dei Tessuti molli dell\u2019Universit\u00e0 di Basilea KWUB combina la diagnostica, la chirurgia e la competenza medica per il trattamento dei pazienti con tumori benigni e maligni del sistema muscolo-scheletrico.<\/p>\n\n\n\n<p>Proprio nel trattamento di tumori maligni viene di regola richiesto un approccio multidisciplinare, poich\u00e9 per tali operazioni, sono necessari oltre al chirurgo con esperienza in&nbsp; patologie oncologiche, il patologo, spesso l\u2019oncologo, il chirurgo vascolare e plastico, ma pure il radiooncologo o il radiologo interventista. Quindi \u00e8 importante fare tale trattamento in una struttura universitaria con le competenze adeguate.<\/p>\n\n\n\n<p>I nostri esperti oncologi sono rappresentati in importanti commisioni nazionali e internazionali. Grazie a molti anni di esperienza e alla presenza costante ai congressi scientifici ed eventi specifici del ramo il KWUB \u00e8 riconosciuto come centro sovraregionale. In casi difficili, sosteniamo anche altri centri tramite l\u2019elaborazione di raccomandazioni terapeutiche mirate per il trattamento individuale nell\u2019ambito di un secondo parere.<\/p>\n\n\n\n<p>Dal 1972 il centro di riferimento della patologia tumorale ossea alla USB esistente, il quale \u00e8 stato assegnato\u00a0 nel 1993 dal Sig. Prof. Wolfgang Remagen al Sig. Prof. Gernot Jundt, questo centro ha potuto essere continuamente sviluppato. Nel 1982 Prof. Dr. med. Fritz Hefti ha costruito e continuamente svilippato la chirurgia oncologica del sistema muscolo-scheletrico per bambini e adulti nel UKBB. Nel 2005, il Prof. Hefi e il Prof. Jundt hanno fondato il centro interdisciplinare dei tumori delle ossa e dei tessuti molli all\u2019universit\u00e0 di Basilea (KWUB). Questo centro \u00e8 stato considerato finora uno dei soli 4 centri in Europa ed \u00e8 riconosciuto come l\u2019unico in Svizzera da parte dell\u2019<a href=\"http:\/\/www.agkt.org\/\">Associazione Internazionale dei Tumori Ossei (AGKT)<\/a>\u00a0come centro di trattamento interdisciplinare.<\/p>\n\n\n\n<p>Con il KWUB \u00e8 stato creato un forum, che combina la competenze sia dei medici per \u00a0bambini che \u00a0per adulti. Con il KWUB \u00e8 stato creato un forum, il quale unisce le competenze dei bambini. Sotto la guida congiunta del Prof. Dr. Andreas Krieg e del Prof. Dr. Ch. Kettelhack, si incontrano ogni 2 settimane nel\u00a0<a href=\"http:\/\/maps.google.ch\/maps?q=47.56355+N,+7.5813+E&amp;hl=de&amp;ll=47.563532,7.581393&amp;spn=0.006841,0.011019&amp;sll=46.362093,9.036255&amp;sspn=7.164616,11.282959&amp;vpsrc=6&amp;t=h&amp;z=17\">UKBB, Spitalstrasse 33<\/a>, 4056 Basilea. Il successo si basa inoltre sulla stretta collaborazione con tutti colleghi di riferimento e medici invianti, con gli ambulatoriali egli studi medici di oncologia, l\u2019assistenza domiciliare, come pure dei parenti dei pazienti e i gruppi di auto aiuto. \u00a0<\/p>\n\n\n\n<p><\/p>\n\n\n\n<p><\/p>\n\n\n\n<p>&nbsp;<\/p>\n\n\n<div class=\"wp-block-image\">\n<figure class=\"aligncenter\"><img decoding=\"async\" class=\"wp-image-1039 aligncenter\" src=\"https:\/\/bojary.home.pl\/autoinstalator\/wordpressplugins\/wp-content\/uploads\/2021\/07\/kwub-circle-scheme-mid.jpg\" alt=\"\" \/><\/figure>\n<\/div>","protected":false},"excerpt":{"rendered":"<p>Il Centro Interdisciplinare dei Tumori delle Osse e dei Tessuti molli dell\u2019Universit\u00e0 di Basilea KWUB combina la diagnostica, la chirurgia e la competenza medica per il trattamento dei pazienti con tumori benigni e maligni del sistema muscolo-scheletrico. Proprio nel trattamento di tumori maligni viene di regola richiesto un approccio multidisciplinare, poich\u00e9 per tali operazioni, sono [&hellip;]<\/p>\n","protected":false},"author":1,"featured_media":0,"parent":0,"menu_order":0,"comment_status":"closed","ping_status":"closed","template":"","meta":{"footnotes":""},"class_list":["post-23","page","type-page","status-publish","hentry"],"_links":{"self":[{"href":"https:\/\/kwub.ch\/index.php?rest_route=\/wp\/v2\/pages\/23","targetHints":{"allow":["GET"]}}],"collection":[{"href":"https:\/\/kwub.ch\/index.php?rest_route=\/wp\/v2\/pages"}],"about":[{"href":"https:\/\/kwub.ch\/index.php?rest_route=\/wp\/v2\/types\/page"}],"author":[{"embeddable":true,"href":"https:\/\/kwub.ch\/index.php?rest_route=\/wp\/v2\/users\/1"}],"replies":[{"embeddable":true,"href":"https:\/\/kwub.ch\/index.php?rest_route=%2Fwp%2Fv2%2Fcomments&post=23"}],"version-history":[{"count":6,"href":"https:\/\/kwub.ch\/index.php?rest_route=\/wp\/v2\/pages\/23\/revisions"}],"predecessor-version":[{"id":234,"href":"https:\/\/kwub.ch\/index.php?rest_route=\/wp\/v2\/pages\/23\/revisions\/234"}],"wp:attachment":[{"href":"https:\/\/kwub.ch\/index.php?rest_route=%2Fwp%2Fv2%2Fmedia&parent=23"}],"curies":[{"name":"wp","href":"https:\/\/api.w.org\/{rel}","templated":true}]}}