{"id":25,"date":"2023-02-06T01:50:04","date_gmt":"2023-02-06T01:50:04","guid":{"rendered":"https:\/\/kwub.ch\/?page_id=25"},"modified":"2023-02-09T05:40:40","modified_gmt":"2023-02-09T04:40:40","slug":"home-4","status":"publish","type":"page","link":"https:\/\/kwub.ch\/?page_id=25&lang=fr","title":{"rendered":"Home"},"content":{"rendered":"<p>Le centre interdisciplinaire des tumeurs osseuses et des tissus mous de l\u2019universit\u00e9 de B\u00e2le (KWUB) poss\u00e8de les comp\u00e9tences diagnostiques, chirurgicales et m\u00e9dicales requises pour la prise en charge des patients atteint de tumeurs b\u00e9nignes et malignes de l\u2019appareil locomoteur.<\/p>\n<p>Une approche interdisciplinaire est indispensable dans le traitement des tumeurs malignes, afin que les chances de gu\u00e9rison du patient soient optimales. Les interventions doivent \u00eatre pratiqu\u00e9es par des chirurgiens exp\u00e9riment\u00e9s en oncologie, en coop\u00e9ration avec un pathologiste et fr\u00e9quemment un oncologue. En outre, des chirurgiens vasculaires et plastiques, des radiologues interventionnels ou des radio-oncologues sont souvent impliqu\u00e9s. Un tel traitement doit donc se faire au sein d\u2019une institution universitaire regroupant toutes les comp\u00e9tences appropri\u00e9es.<\/p>\n<p>Nos experts oncologues nous repr\u00e9sentent dans les principales commissions nationales et internationales. Gr\u00e2ce \u00e0 leur grande expertise et \u00e0 la participation r\u00e9guli\u00e8re \u00e0 des congr\u00e8s scientifiques et des r\u00e9unions professionnelles, le KWUB s\u2019est aujourd\u2019hui impos\u00e9 comme un centre national. Nous soutenons \u00e9galement d\u2019autres centres pour la prise en charge de cas complexes avec l\u2019\u00e9laboration de recommandations de traitement individualis\u00e9 dans le cadre de secondes opinions m\u00e9dicales.<\/p>\n<p>Depuis sa cr\u00e9ation en 1972, le centre de r\u00e9f\u00e9rence des tumeurs osseuses du service de Pathologie de l\u2019USB, dont la direction a \u00e9t\u00e9 transf\u00e9r\u00e9e en 1993 au Pr Gernot Jundt par le Pr Wolfgang Remagen, a continuellement \u00e9t\u00e9 am\u00e9lior\u00e9 et mis \u00e0 jour. D\u00e8s 1982, le Pr Fritz Hefti a mis en place le centre d\u2019excellence de chirurgie oncologique de l\u2019appareil locomoteur des enfants et adultes et l\u2019a depuis lors continuellement d\u00e9velopp\u00e9 au sein de l\u2019UKBB. En 2005, les Prs Hefti et Jundt ont fond\u00e9 le \u201cinterdisziplin\u00e4re Knochen- und Weichteiltumorzentrum (KWUB)\u201d (Centre interdisciplinaire des tumeurs osseuses et des tissus mous) de l\u2019Universit\u00e9 de B\u00e2le. Ce centre a \u00e9t\u00e9 reconnu comme centre de traitement interdisciplinaire par l\u2019Association internationale des tumeurs osseuses (<a href=\"http:\/\/www.agkt.org\/\">Arbeitsgemeinschaft Knochentumoren (AGKT)<\/a>), jusqu\u2019\u00e0 pr\u00e9sent l\u2019un des quatre seuls centres en Europe et le seul en Suisse.<\/p>\n<p>Avec le KWUB a \u00e9t\u00e9 cr\u00e9\u00e9 une r\u00e9union de concertation pluridisciplinaire rassemblant l\u2019expertise des p\u00e9diatres et des m\u00e9decins pour adultes. Sous la supervision conjointe du Pr Andreas Krieg et du Pr Christoph Kettelhack, une r\u00e9union (\u00ab tumorboard \u00bb) se tient chaque semaine \u00e0 l&#8216;<a href=\"http:\/\/maps.google.ch\/maps?q=47.56355+N,+7.5813+E&amp;hl=de&amp;ll=47.563532,7.581393&amp;spn=0.006841,0.011019&amp;sll=46.362093,9.036255&amp;sspn=7.164616,11.282959&amp;vpsrc=6&amp;t=h&amp;z=17\">UKBB, Spitalstrasse 33, B\u00e2le<\/a>. Le succ\u00e8s repose sur une coop\u00e9ration \u00e9troite entre tous les m\u00e9decins r\u00e9f\u00e9rents, les oncologues de ville, les soins \u00e0 domicile, et bien s\u00fbr les familles et groupes d\u2019entraide de patients.<\/p>\n<p>\u00a0<\/p>\n\n<div class=\"wp-block-image\">\n<figure class=\"aligncenter size-large\"><img decoding=\"async\" src=\"https:\/\/bojary.home.pl\/autoinstalator\/wordpressplugins\/wp-content\/uploads\/2021\/07\/kwub-circle-scheme-mid.jpg\" alt=\"\" class=\"wp-image-1039\"\/><\/figure>\n<\/div>\n\n\n<div style=\"height:100px\" aria-hidden=\"true\" class=\"wp-block-spacer\"><\/div>\n","protected":false},"excerpt":{"rendered":"<p>Le centre interdisciplinaire des tumeurs osseuses et des tissus mous de l\u2019universit\u00e9 de B\u00e2le (KWUB) poss\u00e8de les comp\u00e9tences diagnostiques, chirurgicales et m\u00e9dicales requises pour la prise en charge des patients atteint de tumeurs b\u00e9nignes et malignes de l\u2019appareil locomoteur. Une approche interdisciplinaire est indispensable dans le traitement des tumeurs malignes, afin que les chances de [&hellip;]<\/p>\n","protected":false},"author":1,"featured_media":0,"parent":0,"menu_order":0,"comment_status":"closed","ping_status":"closed","template":"","meta":{"footnotes":""},"class_list":["post-25","page","type-page","status-publish","hentry"],"_links":{"self":[{"href":"https:\/\/kwub.ch\/index.php?rest_route=\/wp\/v2\/pages\/25","targetHints":{"allow":["GET"]}}],"collection":[{"href":"https:\/\/kwub.ch\/index.php?rest_route=\/wp\/v2\/pages"}],"about":[{"href":"https:\/\/kwub.ch\/index.php?rest_route=\/wp\/v2\/types\/page"}],"author":[{"embeddable":true,"href":"https:\/\/kwub.ch\/index.php?rest_route=\/wp\/v2\/users\/1"}],"replies":[{"embeddable":true,"href":"https:\/\/kwub.ch\/index.php?rest_route=%2Fwp%2Fv2%2Fcomments&post=25"}],"version-history":[{"count":4,"href":"https:\/\/kwub.ch\/index.php?rest_route=\/wp\/v2\/pages\/25\/revisions"}],"predecessor-version":[{"id":235,"href":"https:\/\/kwub.ch\/index.php?rest_route=\/wp\/v2\/pages\/25\/revisions\/235"}],"wp:attachment":[{"href":"https:\/\/kwub.ch\/index.php?rest_route=%2Fwp%2Fv2%2Fmedia&parent=25"}],"curies":[{"name":"wp","href":"https:\/\/api.w.org\/{rel}","templated":true}]}}