{"id":27,"date":"2023-02-06T19:28:58","date_gmt":"2023-02-06T19:28:58","guid":{"rendered":"https:\/\/kwub.ch\/?page_id=27"},"modified":"2023-02-09T05:49:08","modified_gmt":"2023-02-09T04:49:08","slug":"angebote","status":"publish","type":"page","link":"https:\/\/kwub.ch\/?page_id=27","title":{"rendered":"Angebote"},"content":{"rendered":"\n<figure class=\"wp-block-image size-large\"><img loading=\"lazy\" decoding=\"async\" width=\"1024\" height=\"573\" src=\"https:\/\/kwub.ch\/wp-content\/uploads\/2023\/02\/Sarcoma-protocol-2-1024x573.jpg\" alt=\"\" class=\"wp-image-198\" srcset=\"https:\/\/kwub.ch\/wp-content\/uploads\/2023\/02\/Sarcoma-protocol-2-1024x573.jpg 1024w, https:\/\/kwub.ch\/wp-content\/uploads\/2023\/02\/Sarcoma-protocol-2-300x168.jpg 300w, https:\/\/kwub.ch\/wp-content\/uploads\/2023\/02\/Sarcoma-protocol-2-768x429.jpg 768w, https:\/\/kwub.ch\/wp-content\/uploads\/2023\/02\/Sarcoma-protocol-2.jpg 1477w\" sizes=\"auto, (max-width: 1024px) 100vw, 1024px\" \/><\/figure>\n\n\n<p><strong>Chirugisches Leistungsspektrum:<\/strong><\/p>\n<p>Diagnostik, Beratung, operative Behandlung und Nachsorge von Patienten aller Altersgruppen mit:<\/p>\n<ul>\n<li>Knochen- und Weichteilgewebesarkomen<\/li>\n<li>Gutartigen Knochentumoren und tumorvort\u00e4uschenden L\u00e4sionen<\/li>\n<li>Gutartigen Weichteilgewebstumoren<\/li>\n<\/ul>\n<p>Spezialgebiete:<\/p>\n<ul>\n<li>Gesamtes Spektrum der Tumorendoprothetik, inkl. Wachstumsendoprothetik<\/li>\n<li>Einsatz von patientenspezifischen Resektionsschablonen und Implantaten (siehe auch HSM)<\/li>\n<li>Biologische Rekonstruktionen nach Resektion von Knochentumoren (Sarkomen), z.B.\n<ul>\n<li>Fibulainterposition ggf. mit Gef\u00e4\u00dfanschluss,0<\/li>\n<li>Wiedereinpflanzung des eigenen Knochens nach extrakorporaler Bestrahlung,<\/li>\n<li>Umkehrplastik,<\/li>\n<li>Biologische Beckenrekonstruktion, u.a.<\/li>\n<\/ul>\n<\/li>\n<li>Resektion von Weichgewebssarkomen mit plastischer Rekonstruktion unter funktionellen und kosmetischen Aspekten<\/li>\n<li>Isolierte hypertherme Extremit\u00e4tenperfusion bei Patienten mit lokal fortgeschrittenen Weichgewebssarkomen<\/li>\n<\/ul>\n<p><strong>&nbsp;<\/strong><\/p>\n<p><strong>Radio-onkolo<\/strong><strong>gisches Leistungsspektrum:<\/strong><\/p>\n<p>Beratung, gesamtes Spektrum der \u00e4u\u00dferen und inneren Strahlenbehandlung sowie Nachsorge von Patienten aller Altersgruppen mit:<\/p>\n<ul>\n<li>B\u00f6sartigen Tumoren der Knochen- und der Weichteile (Sarkome)<\/li>\n<li>Gutartigen Knochentumoren und tumorvort\u00e4uschenden L\u00e4sionen<\/li>\n<li>Gutartigen Weichteiltumoren<\/li>\n<\/ul>\n<p>Spezialgebiete:<\/p>\n<ul>\n<li>Extrakorporale Knochenbestrahlung<\/li>\n<li>Intensit\u00e4tsmodulierte Strahlentherapie (IMRT)<\/li>\n<li>Bildgef\u00fchrte Strahlentherapie (IGRT)<\/li>\n<li>Stereotaktische Strahlentherapie und Radiochirurgie im Sch\u00e4del und im Rumpf f\u00fcr Sarkome&nbsp; und Metastasen<\/li>\n<li>R\u00f6ntgentherapie f\u00fcr oberfl\u00e4chliche Tumorerkrankungen sowie gutartige Erkrankungen der Gelenke oder gelenknahen Strukturen<\/li>\n<li>Ganzk\u00f6rper- und Ganzhautbestrahlung<\/li>\n<\/ul>\n<p><strong>Onkologisches Leistungsspektrum:<\/strong><\/p>\n<p><strong>Diagnostik, Beratung, pr\u00e4operative und postoperative Behandlung sowie Nachsorge von Patienten jeden Alters&nbsp;mit:<\/strong><\/p>\n<ul>\n<li>B\u00f6sartigen Knochentumoren (Knochensarkome)<\/li>\n<li>B\u00f6sartigen Weichteiltumoren (Weichteilsarkome)<\/li>\n<\/ul>\n<p>Die Behandlung von Sarkompatienten ist sehr komplex und erfolgt immer interdisziplin\u00e4r in Zusammenarbeit von Chirurgen, Strahlentherapeuten und Onkologen. Im interdisziplin\u00e4ren Tumorboard wird f\u00fcr jeden Patienten die individuell optimale multimodale Therapie gemeinsam festgelegt. Die Onkologische Abteilung bietet das gesamte Behandlungsspektrum der Systemtherapie an, so kommen neoadjuvante, adjuvante und palliative Therapiekonzepte zur klinischen Anwendung. In metastasierter Situation steht die systemische Therapie im Vordergrund. Neben etablierten Standardtherapien kommen auch innovative Therapieans\u00e4tze im Rahmen oder in Anlehnung an nationale und internationale klinische Studien zum Einsatz, die \u00fcber die Studienzentrale unserer Onkologischen Abteilung organisiert werden. Durch die Integration in verschiedenen nationalen und internationalen Arbeitsgruppen (z. B. COSS, ISG, SSG), haben wir die M\u00f6glichkeit unseren Patienten mit dieser seltenen Erkrankung eine optimale Betreuung bieten zu k\u00f6nnen. Aufgrund unserer Zentrumsfunktion haben wir zus\u00e4tzlich einen erleichterten Zugang zu innovativen Medikamenten, so dass wir unseren Patienten die bestm\u00f6gliche Behandlung nach heutigem Kenntnisstand zukommen lassen k\u00f6nnen. Das therapeutische Spektrum umfasst neben der Systemtherapie auch die Supportivtherapie einschliesslich der Palliativmedizin, der Schmerztherapie, unter anderen auch gew\u00e4hrleistet durch unseren Pain-Service und die Psychoonkologische Betreuung durch die Psychosomatische Abteilung in unserem Haus.<\/p>\n<p>Link-Studien:<\/p>\n<p><strong>EURAMOS 1:<\/strong> A randomized trial of the European and American Osteosarcoma Study Group to optimize treatment strategies for resectable osteosarcoma based on histological response to pre-operative chemotherapy&nbsp; (Behandlung in Anlehnung an die Studie).<\/p>\n<p><strong>EURO-B.O.S.S:<\/strong> European Bone Over 40 Sarcoma Study (A European treatment protocol for bone-sarcoma in patients older than 40 years) &#8211; offene Studie &#8211;<\/p>\n<p><strong>CWS-Register SoTiSaR :<\/strong> A Registry for soft tissue sarcoma and other soft tissue tumours in children, adolescents, and young adults (Behandlung in Anlehnung an die Studie).<\/p>\n<p><strong>EWING2008:<\/strong> A phase 3, open label, multi- centre randomised trial of international study groups with the intention of optimising treatment results in patients with localised and advanced Ewing sarcomas (Behandlung in Anlehnung an die Studie).<\/p>","protected":false},"excerpt":{"rendered":"<p>Chirugisches Leistungsspektrum: Diagnostik, Beratung, operative Behandlung und Nachsorge von Patienten aller Altersgruppen mit: Knochen- und Weichteilgewebesarkomen Gutartigen Knochentumoren und tumorvort\u00e4uschenden L\u00e4sionen Gutartigen Weichteilgewebstumoren Spezialgebiete: Gesamtes Spektrum der Tumorendoprothetik, inkl. Wachstumsendoprothetik Einsatz von patientenspezifischen Resektionsschablonen und Implantaten (siehe auch HSM) Biologische Rekonstruktionen nach Resektion von Knochentumoren (Sarkomen), z.B. Fibulainterposition ggf. mit Gef\u00e4\u00dfanschluss,0 Wiedereinpflanzung des eigenen Knochens [&hellip;]<\/p>\n","protected":false},"author":1,"featured_media":0,"parent":0,"menu_order":1,"comment_status":"closed","ping_status":"closed","template":"","meta":{"footnotes":""},"class_list":["post-27","page","type-page","status-publish","hentry"],"_links":{"self":[{"href":"https:\/\/kwub.ch\/index.php?rest_route=\/wp\/v2\/pages\/27","targetHints":{"allow":["GET"]}}],"collection":[{"href":"https:\/\/kwub.ch\/index.php?rest_route=\/wp\/v2\/pages"}],"about":[{"href":"https:\/\/kwub.ch\/index.php?rest_route=\/wp\/v2\/types\/page"}],"author":[{"embeddable":true,"href":"https:\/\/kwub.ch\/index.php?rest_route=\/wp\/v2\/users\/1"}],"replies":[{"embeddable":true,"href":"https:\/\/kwub.ch\/index.php?rest_route=%2Fwp%2Fv2%2Fcomments&post=27"}],"version-history":[{"count":4,"href":"https:\/\/kwub.ch\/index.php?rest_route=\/wp\/v2\/pages\/27\/revisions"}],"predecessor-version":[{"id":238,"href":"https:\/\/kwub.ch\/index.php?rest_route=\/wp\/v2\/pages\/27\/revisions\/238"}],"wp:attachment":[{"href":"https:\/\/kwub.ch\/index.php?rest_route=%2Fwp%2Fv2%2Fmedia&parent=27"}],"curies":[{"name":"wp","href":"https:\/\/api.w.org\/{rel}","templated":true}]}}