{"id":29,"date":"2023-02-06T19:31:32","date_gmt":"2023-02-06T19:31:32","guid":{"rendered":"https:\/\/kwub.ch\/?page_id=29"},"modified":"2023-02-09T04:38:52","modified_gmt":"2023-02-09T03:38:52","slug":"activites","status":"publish","type":"page","link":"https:\/\/kwub.ch\/?page_id=29&lang=fr","title":{"rendered":"Activit\u00e9s"},"content":{"rendered":"\n<figure class=\"wp-block-image size-large\"><img loading=\"lazy\" decoding=\"async\" width=\"1024\" height=\"573\" src=\"https:\/\/kwub.ch\/wp-content\/uploads\/2023\/02\/Sarcoma-protocol-2-1024x573.jpg\" alt=\"\" class=\"wp-image-198\" srcset=\"https:\/\/kwub.ch\/wp-content\/uploads\/2023\/02\/Sarcoma-protocol-2-1024x573.jpg 1024w, https:\/\/kwub.ch\/wp-content\/uploads\/2023\/02\/Sarcoma-protocol-2-300x168.jpg 300w, https:\/\/kwub.ch\/wp-content\/uploads\/2023\/02\/Sarcoma-protocol-2-768x429.jpg 768w, https:\/\/kwub.ch\/wp-content\/uploads\/2023\/02\/Sarcoma-protocol-2.jpg 1477w\" sizes=\"auto, (max-width: 1024px) 100vw, 1024px\" \/><\/figure>\n\n\n<p><!-- \/wp:post-content --><\/p>\n<p><!-- wp:paragraph --><\/p>\n<p><strong>Prestations chirurgicales :<\/strong><\/p>\n<p><!-- \/wp:paragraph --><\/p>\n<p><!-- wp:paragraph --><\/p>\n<p>Diagnostic, conseil, traitement chirurgical et suivi des patients de tous \u00e2ges atteint de :<\/p>\n<p><!-- \/wp:paragraph --><\/p>\n<p><!-- wp:list --><\/p>\n<ul>\n<li style=\"list-style-type: none;\">\n<ul><!-- wp:list-item --><\/ul>\n<\/li>\n<\/ul>\n<p>\u00a0<\/p>\n<ul>\n<li style=\"list-style-type: none;\">\n<ul>\n<li>Sarcomes osseux et des tissus mous (tumeurs malignes)<\/li>\n<\/ul>\n<\/li>\n<\/ul>\n<p><!-- \/wp:list-item --><\/p>\n<p><!-- wp:list-item --><\/p>\n<ul>\n<li style=\"list-style-type: none;\">\n<ul>\n<li>Tumeurs osseuses b\u00e9nignes et l\u00e9sions similaires non tumorales<\/li>\n<\/ul>\n<\/li>\n<\/ul>\n<p><!-- \/wp:list-item --><\/p>\n<p><!-- wp:list-item --><\/p>\n<ul>\n<li style=\"list-style-type: none;\">\n<ul>\n<li>Tumeurs b\u00e9nignes des tissus mous<\/li>\n<\/ul>\n<\/li>\n<\/ul>\n<p><!-- \/wp:list-item --><\/p>\n<p><!-- \/wp:list --><\/p>\n<p><!-- wp:paragraph --><\/p>\n<p>Domaines d\u2019expertise :<\/p>\n<p><!-- \/wp:paragraph --><\/p>\n<p><!-- wp:list --><\/p>\n<ul>\n<li style=\"list-style-type: none;\">\n<ul><!-- wp:list-item --><\/ul>\n<\/li>\n<\/ul>\n<p>\u00a0<\/p>\n<ul>\n<li style=\"list-style-type: none;\">\n<ul>\n<li>Arthroplastie tumorale primaire et de r\u00e9vision, y compris proth\u00e8ses de croissance<\/li>\n<\/ul>\n<\/li>\n<\/ul>\n<p><!-- \/wp:list-item --><\/p>\n<p><!-- wp:list-item --><\/p>\n<ul>\n<li style=\"list-style-type: none;\">\n<ul>\n<li>Reconstruction biologique apr\u00e8s r\u00e9section de tumeurs osseuses, par exemple :<!-- wp:list -->\n<ul>\n<li style=\"list-style-type: none;\">\n<ul><!-- wp:list-item --><\/ul>\n<\/li>\n<\/ul>\n<p>\u00a0<\/p>\n<ul>\n<li style=\"list-style-type: none;\">\n<ul>\n<li>Interposition de fibula, vascularis\u00e9e ou non<\/li>\n<\/ul>\n<\/li>\n<\/ul>\n<p><!-- \/wp:list-item --><\/p>\n<p><!-- wp:list-item --><\/p>\n<ul>\n<li style=\"list-style-type: none;\">\n<ul>\n<li>Autogreffe osseuse r\u00e9implant\u00e9e apr\u00e8s irradiation extracorporelle<\/li>\n<\/ul>\n<\/li>\n<\/ul>\n<p><!-- \/wp:list-item --><\/p>\n<p><!-- wp:list-item --><\/p>\n<ul>\n<li style=\"list-style-type: none;\">\n<ul>\n<li>Plastie de retournement (op\u00e9ration de Van Ness)<\/li>\n<\/ul>\n<\/li>\n<\/ul>\n<p><!-- \/wp:list-item --><\/p>\n<p><!-- \/wp:list --><\/p>\n<\/li>\n<\/ul>\n<\/li>\n<\/ul>\n<p><!-- \/wp:list-item --><\/p>\n<p><!-- wp:list-item --><\/p>\n<ul>\n<li style=\"list-style-type: none;\">\n<ul>\n<li>R\u00e9section et reconstruction pelvienne personnalis\u00e9e avec guides de coupe sur mesure et implants imprim\u00e9s en 3D<\/li>\n<\/ul>\n<\/li>\n<\/ul>\n<p><!-- \/wp:list-item --><\/p>\n<p><!-- wp:list-item --><\/p>\n<ul>\n<li style=\"list-style-type: none;\">\n<ul>\n<li>R\u00e9section de sarcomes des tissus mous et plastie de reconstruction en consid\u00e9rant les aspects fonctionnels et esth\u00e9tiques<\/li>\n<\/ul>\n<\/li>\n<\/ul>\n<p><!-- \/wp:list-item --><\/p>\n<p><!-- wp:list-item --><\/p>\n<ul>\n<li style=\"list-style-type: none;\">\n<ul>\n<li>Perfusion isol\u00e9e de membre en hyperthermie (ILP) chez les patients atteints de sarcomes des tissus mous p\u00e9riph\u00e9riques localement avanc\u00e9s<\/li>\n<\/ul>\n<\/li>\n<\/ul>\n<p><!-- \/wp:list-item --><\/p>\n<p><!-- \/wp:list --><\/p>\n<p><!-- wp:paragraph --><\/p>\n<p><strong>Prestations radio-oncologiques :<\/strong><\/p>\n<p><!-- \/wp:paragraph --><\/p>\n<p><!-- wp:paragraph --><\/p>\n<p>Consultation, toutes modalit\u00e9s de radioth\u00e9rapie externe et interne \u00e0 l\u2019exception de la protons-th\u00e9rapie, et suivi des patients de tous \u00e2ges avec :<\/p>\n<p><!-- \/wp:paragraph --><\/p>\n<p><!-- wp:list --><\/p>\n<ul>\n<li style=\"list-style-type: none;\">\n<ul><!-- wp:list-item --><\/ul>\n<\/li>\n<\/ul>\n<p>\u00a0<\/p>\n<ul>\n<li style=\"list-style-type: none;\">\n<ul>\n<li>Sarcomes osseux et des tissus mous (tumeurs malignes)<\/li>\n<\/ul>\n<\/li>\n<\/ul>\n<p><!-- \/wp:list-item --><\/p>\n<p><!-- wp:list-item --><\/p>\n<ul>\n<li style=\"list-style-type: none;\">\n<ul>\n<li>M\u00e9tastases<\/li>\n<\/ul>\n<\/li>\n<\/ul>\n<p><!-- \/wp:list-item --><\/p>\n<p><!-- wp:list-item --><\/p>\n<ul>\n<li style=\"list-style-type: none;\">\n<ul>\n<li>Tumeurs osseuses b\u00e9nignes localement agressives et l\u00e9sions pseudo-tumorales<\/li>\n<\/ul>\n<\/li>\n<\/ul>\n<p><!-- \/wp:list-item --><\/p>\n<p><!-- wp:list-item --><\/p>\n<ul>\n<li style=\"list-style-type: none;\">\n<ul>\n<li>Tumeurs b\u00e9nignes des tissus mous localement agressives<\/li>\n<\/ul>\n<\/li>\n<\/ul>\n<p><!-- \/wp:list-item --><\/p>\n<p><!-- \/wp:list --><\/p>\n<p><!-- wp:paragraph --><\/p>\n<p>Domaines d\u2019expertise :<\/p>\n<p><!-- \/wp:paragraph --><\/p>\n<p><!-- wp:list --><\/p>\n<ul>\n<li style=\"list-style-type: none;\">\n<ul><!-- wp:list-item --><\/ul>\n<\/li>\n<\/ul>\n<p>\u00a0<\/p>\n<ul>\n<li style=\"list-style-type: none;\">\n<ul>\n<li>Irradiation extracorporelle de l\u2019os en vue d\u2019autogreffe r\u00e9implant\u00e9e<\/li>\n<\/ul>\n<\/li>\n<\/ul>\n<p><!-- \/wp:list-item --><\/p>\n<p><!-- wp:list-item --><\/p>\n<ul>\n<li style=\"list-style-type: none;\">\n<ul>\n<li>Radioth\u00e9rapie \u00e0 intensit\u00e9 modulable (RTIM)<\/li>\n<\/ul>\n<\/li>\n<\/ul>\n<p><!-- \/wp:list-item --><\/p>\n<p><!-- wp:list-item --><\/p>\n<ul>\n<li style=\"list-style-type: none;\">\n<ul>\n<li>Radioth\u00e9rapie guid\u00e9e par imagerie (RTGI)<\/li>\n<\/ul>\n<\/li>\n<\/ul>\n<p><!-- \/wp:list-item --><\/p>\n<p><!-- wp:list-item --><\/p>\n<ul>\n<li style=\"list-style-type: none;\">\n<ul>\n<li>Radioth\u00e9rapie st\u00e9r\u00e9otaxique et radiochirurgie intracr\u00e2nienne et intrathoracique pour tumeurs primaires et m\u00e9tastases<\/li>\n<\/ul>\n<\/li>\n<\/ul>\n<p><!-- \/wp:list-item --><\/p>\n<p><!-- wp:list-item --><\/p>\n<ul>\n<li style=\"list-style-type: none;\">\n<ul>\n<li>Radioth\u00e9rapie des tumeurs superficielles et des maladies b\u00e9nignes-agressives des articulations et des structures p\u00e9riarticulaires<\/li>\n<\/ul>\n<\/li>\n<\/ul>\n<p><!-- \/wp:list-item --><\/p>\n<p><!-- wp:list-item --><\/p>\n<ul>\n<li style=\"list-style-type: none;\">\n<ul>\n<li>Irradiation corps entier et irradiation de toute la peau<\/li>\n<\/ul>\n<\/li>\n<\/ul>\n<p><!-- \/wp:list-item --><\/p>\n<p><!-- \/wp:list --><\/p>\n<p><!-- wp:paragraph --><\/p>\n<p><strong>Prestations oncologiques :<\/strong><\/p>\n<p><!-- \/wp:paragraph --><\/p>\n<p><!-- wp:paragraph --><\/p>\n<p><strong>Diagnostic, consultation, traitement (chimioth\u00e9rapies et immunoth\u00e9rapies) pr\u00e9op\u00e9ratoire et postop\u00e9ratoire, et suivi des patients avec :<\/strong><\/p>\n<p><!-- \/wp:paragraph --><\/p>\n<p><!-- wp:list --><\/p>\n<ul>\n<li style=\"list-style-type: none;\">\n<ul><!-- wp:list-item --><\/ul>\n<\/li>\n<\/ul>\n<p>\u00a0<\/p>\n<ul>\n<li style=\"list-style-type: none;\">\n<ul>\n<li>Sarcomes osseux pour lesquels une chimioth\u00e9rapie est indiqu\u00e9e<\/li>\n<\/ul>\n<\/li>\n<\/ul>\n<p><!-- \/wp:list-item --><\/p>\n<p><!-- wp:list-item --><\/p>\n<ul>\n<li style=\"list-style-type: none;\">\n<ul>\n<li>Sarcomes des tissus mous pour lesquels une chimioth\u00e9rapie est indiqu\u00e9e<\/li>\n<\/ul>\n<\/li>\n<\/ul>\n<p><!-- \/wp:list-item --><\/p>\n<p><!-- wp:list-item --><\/p>\n<ul>\n<li style=\"list-style-type: none;\">\n<ul>\n<li>M\u00e9tastases<\/li>\n<\/ul>\n<\/li>\n<\/ul>\n<p><!-- \/wp:list-item --><\/p>\n<p><!-- \/wp:list --><\/p>\n<p><!-- wp:paragraph --><\/p>\n<p><strong>Inclusion des patients dans des protocoles d\u2019\u00e9tudes cliniques, de fa\u00e7on libre et volontaire<\/strong><\/p>\n<p><!-- \/wp:paragraph --><\/p>\n<p><!-- wp:paragraph --><\/p>\n<p>La prise en charge des patients atteints d\u2019un sarcome est tr\u00e8s complexe et se fait toujours en collaboration interdisciplinaire entre des chirurgiens, des radiooncologues et des oncologues. Lors de la R\u00e9union de concertation pluridisciplinaire (RCP, aussi appel\u00e9e\u00a0<em>Tumorboard<\/em>), le dossier de chaque patient est discut\u00e9 et les experts s\u2019accordent sur le choix de la th\u00e9rapie optimale et individualis\u00e9e pour chacun.<\/p>\n<p><!-- \/wp:paragraph --><\/p>\n<p><!-- wp:paragraph --><\/p>\n<p>Le D\u00e9partement d\u2019Oncologie offre toute la gamme des th\u00e9rapies syst\u00e9miques (chimioth\u00e9rapies) valid\u00e9es scientifiquement pour l\u2019application clinique : n\u00e9oadjuvante (pr\u00e9op\u00e9ratoire) et adjuvante (postop\u00e9ratoire), ainsi que palliatives (destin\u00e9es \u00e0 contr\u00f4ler la maladie et ses sympt\u00f4mes si elle n\u2019est pas gu\u00e9rissable). En cas de maladie m\u00e9tastatique notamment, la th\u00e9rapie syst\u00e9mique est primordiale.<\/p>\n<p><!-- \/wp:paragraph --><\/p>\n<p><!-- wp:paragraph --><\/p>\n<p>En dehors des traitements standards \u00e9tablis, des approches th\u00e9rapeutiques innovantes sont propos\u00e9es au sein de protocoles d\u2019\u00e9tudes cliniques nationaux et internationaux. Celles-ci sont g\u00e9r\u00e9es par le Centre d\u2019\u00c9tudes Cliniques du d\u00e9partement d\u2019oncologie, en conformit\u00e9 avec les r\u00e8gles \u00e9thiques de bonne pratique des essais cliniques (GCP).<\/p>\n<p><!-- \/wp:paragraph --><\/p>\n<p><!-- wp:paragraph --><\/p>\n<p>L\u2019int\u00e9gration de notre Centre aux diff\u00e9rents groupes de travail nationaux et internationaux (par exemple COSS, ISG, SSG) nous permet d\u2019offrir \u00e0 nos patients les meilleurs soins possibles pour leur maladie rare, ainsi que l\u2019acc\u00e8s aux \u00e9tudes et m\u00e9dicaments innovants les plus r\u00e9cents.<\/p>\n<p><!-- \/wp:paragraph --><\/p>\n<p><!-- wp:paragraph --><\/p>\n<p>L\u2019offre de prise en charge comprend non seulement les th\u00e9rapies curatives syst\u00e9miques et chirurgicales, mais \u00e9galement les soins de support, y compris palliatifs, le traitement de la douleur assur\u00e9 par notre Service de la douleur, et le soutien psycho-oncologique assur\u00e9 par notre D\u00e9partement Psychosomatique.<\/p>\n<p><!-- \/wp:paragraph --><\/p>\n<p><!-- wp:paragraph --><\/p>\n<p><strong>\u00c9tudes internationales en cours :<\/strong><\/p>\n<p><!-- \/wp:paragraph --><\/p>\n<p><!-- wp:paragraph --><\/p>\n<p><strong>EURAMOS 1:<\/strong>\u00a0A randomized trial of the European and American Osteosarcoma Study Group to optimize treatment strategies for resectable osteosarcoma based on histological response to pre-operative chemotherapy\u00a0 (Le traitement est bas\u00e9 sur l\u2019\u00e9tude).<\/p>\n<p><!-- \/wp:paragraph --><\/p>\n<p><!-- wp:paragraph --><\/p>\n<p><strong>EURO-B.O.S.S:<\/strong>\u00a0European Bone Over 40 Sarcoma Study (A European treatment protocol for bone-sarcoma in patients older than 40 years) \u2013 \u00c9tude ouverte \u2013<\/p>\n<p><!-- \/wp:paragraph --><\/p>\n<p><!-- wp:paragraph --><\/p>\n<p><strong>CWS-Register SoTiSaR :<\/strong>\u00a0A Registry for soft tissue sarcoma and other soft tissue tumours in children, adolescents, and young adults (Le traitement est bas\u00e9 sur l\u2019\u00e9tude).<\/p>\n<p><!-- \/wp:paragraph --><\/p>\n<p><!-- wp:paragraph --><\/p>\n<p><strong>EWING2008:<\/strong>\u00a0A phase 3, open label, multi- centre randomised trial of international study groups with the intention of optimising treatment results in patients with localised and advanced Ewing sarcomas (Le traitement est bas\u00e9 sur l\u2019\u00e9tude).<\/p>\n<p><!-- \/wp:paragraph --><\/p>","protected":false},"excerpt":{"rendered":"<p>Prestations chirurgicales : Diagnostic, conseil, traitement chirurgical et suivi des patients de tous \u00e2ges atteint de : \u00a0 Sarcomes osseux et des tissus mous (tumeurs malignes) Tumeurs osseuses b\u00e9nignes et l\u00e9sions similaires non tumorales Tumeurs b\u00e9nignes des tissus mous Domaines d\u2019expertise : \u00a0 Arthroplastie tumorale primaire et de r\u00e9vision, y compris proth\u00e8ses de croissance Reconstruction [&hellip;]<\/p>\n","protected":false},"author":1,"featured_media":0,"parent":0,"menu_order":1,"comment_status":"closed","ping_status":"closed","template":"","meta":{"footnotes":""},"class_list":["post-29","page","type-page","status-publish","hentry"],"_links":{"self":[{"href":"https:\/\/kwub.ch\/index.php?rest_route=\/wp\/v2\/pages\/29","targetHints":{"allow":["GET"]}}],"collection":[{"href":"https:\/\/kwub.ch\/index.php?rest_route=\/wp\/v2\/pages"}],"about":[{"href":"https:\/\/kwub.ch\/index.php?rest_route=\/wp\/v2\/types\/page"}],"author":[{"embeddable":true,"href":"https:\/\/kwub.ch\/index.php?rest_route=\/wp\/v2\/users\/1"}],"replies":[{"embeddable":true,"href":"https:\/\/kwub.ch\/index.php?rest_route=%2Fwp%2Fv2%2Fcomments&post=29"}],"version-history":[{"count":5,"href":"https:\/\/kwub.ch\/index.php?rest_route=\/wp\/v2\/pages\/29\/revisions"}],"predecessor-version":[{"id":219,"href":"https:\/\/kwub.ch\/index.php?rest_route=\/wp\/v2\/pages\/29\/revisions\/219"}],"wp:attachment":[{"href":"https:\/\/kwub.ch\/index.php?rest_route=%2Fwp%2Fv2%2Fmedia&parent=29"}],"curies":[{"name":"wp","href":"https:\/\/api.w.org\/{rel}","templated":true}]}}