{"id":63,"date":"2023-02-07T20:14:58","date_gmt":"2023-02-07T19:14:58","guid":{"rendered":"https:\/\/kwub.ch\/?page_id=63"},"modified":"2025-09-08T08:23:19","modified_gmt":"2025-09-08T06:23:19","slug":"kontakt","status":"publish","type":"page","link":"https:\/\/kwub.ch\/?page_id=63","title":{"rendered":"Kontakt"},"content":{"rendered":"<p>Man kann uns jederzeit Patienten mit Knochen- und Weichteil- Tumorver\u00e4nderungen\u00a0zuweisen oder aber uns Unterlagen zur initialen Beurteilung zukommen lassen. Die Patienten werden von den beiden Sekretariaten zur Sprechstunde oder\u00a0je nach Dringlichkeit auch notfallm\u00e4ssig aufgeboten. Die initiale Beurteilung der Patienten erfolgt durch die beiden Leiter des KWUB, wo in Koordination mit dem Board eine initiale\u00a0Behandlungsstrategie festgelegt wird. Je nach Situation findet dann die weitere\u00a0Diagnostik \/ Behandlung entweder an der Universit\u00e4tsklinik Basel oder dem Universit\u00e4tskinderspital Basel statt.<\/p>\n<p>F\u00fcr die<span style=\"text-decoration: underline;\"><strong> Zuweisung eines Patienten<\/strong><\/span>, eine konsiliarische Beurteilung oder Anmeldung zum KWUB Tumorboard ben\u00f6tigen wir\u00a0f\u00fcr die Bearbeitung\u00a0<strong><span style=\"text-decoration: underline;\">zwingend:<\/span><\/strong><\/p>\n<ol>\n<li>Vollst\u00e4ndige Patientendaten (Name, Geburtsdatum, Adresse, Tel.-Nummer, Krankenkasse)<\/li>\n<li>Aktueller Arztbericht\/Zuweisungsschreiben<\/li>\n<li>\u00dcbermittlung\u00a0der gesamten\u00a0Bildgebung via H-Net\u00a0oder postalisch per CD, die f\u00fcr die Beurteilung n\u00f6tig sind<\/li>\n<li>S\u00e4mtliche\u00a0Vorbefunde\u00a0(MRT, CT, SPECT-CT etc.)<\/li>\n<\/ol>\n<p>Die Erstellung einer konsiliarischen Leistung wird der Krankenkasse Ihres Patienten in Rechnung gestellt. Als Zuweiser sind Sie daf\u00fcr verantwortlich, Ihren Patienten dar\u00fcber zu informieren.<\/p>\n<table style=\"height: 300px;\" border=\"\" width=\"576\" bgcolor=\"#CCFFFF\">\n<tbody>\n<tr>\n<td width=\"577\">Aufgrund unseres Zertifizierungsprozesses als Sarkomzentrum haben wir den Anmeldeprozess angepasst. Das Anmeldeformular finden Sie hier:<span style=\"color: #0000ff;\"><a href=\"https:\/\/fxdb.usb.ch\/surveys\/?s=LM7KXP938WJTTMDA\" target=\"_blank\" rel=\"noopener\"><strong><span style=\"color: #0000ff;\"><span style=\"text-decoration: underline;\">Tumorboard-Link<\/span><\/span><\/strong><\/a><\/span><\/p>\n<p>(REDCap-Link zu einer sicheren Webplattform. Alle eingegebenen Daten werden auf einem dedizierten Server am Universit\u00e4tsspital Basel, Schweiz, gespeichert)<br \/>\n<span style=\"text-decoration: underline;\"><br \/>\n<strong>Anmeldeschluss ist jeweils Montag 14:00 Uhr.<\/strong><br \/>\n<\/span><\/p>\n<p>Bitte f\u00fcllen Sie uns die Anmeldung vollst\u00e4ndig aus, damit wir Ihre Zuweisung bearbeiten k\u00f6nnen.<\/p>\n<p>Bitte laden Sie uns die obligatorischen Berichte und Original-Befunde der Bildgebung \u00fcber die daf\u00fcr vorgesehenen \u00abUpload-file\u00bb-Buttons hoch und schalten Sie uns die Bilder per H-Net f\u00fcr das UKBB frei.<\/p>\n<p>Falls dies nicht m\u00f6glich ist, senden Sie uns die Bilder bitte ausschliesslich im DICOM-Format auf CD oder USB-Stick an untenstehende Anschrift.<\/p>\n<p>Aus organisatorischen Gr\u00fcnden k\u00f6nnen wir jegliche Tumoranfragen nur noch auf diese Weise beantworten.<\/td>\n<\/tr>\n<\/tbody>\n<\/table>\n<p><!--more \u00a0 --><\/p>\n<table style=\"width: 576px; height: 335px;\" border=\"1\" cellspacing=\"0\" cellpadding=\"0\">\n<tbody>\n<tr>\n<td style=\"text-align: left;\" valign=\"top\" width=\"558\">F\u00fcr Kinder und Jugendliche (Knochen und Weichteiltumoren) und Erwachsene (Knochentumoren)<\/td>\n<td valign=\"top\" width=\"558\">F\u00fcr Erwachsene mit Weichteiltumoren<\/td>\n<\/tr>\n<tr>\n<td style=\"text-align: left;\" valign=\"top\" width=\"558\">Sekretariat Orthop\u00e4die KWUB<br \/>\nProf. Dr. A. Krieg \/ Fr. Dr. K. Barlow\u00a0<\/p>\n<address><span style=\"font-style: normal;\">UKBB<\/span><\/address>\n<address><a style=\"font-style: normal;\" title=\"UKBB, Spitalstr. 33\" href=\"http:\/\/maps.google.com\/maps?q=47.563859+N,+7.58187+E&amp;hl=en&amp;ll=47.563688,7.5818&amp;spn=0.002487,0.004769&amp;sll=47.563947,7.58125&amp;sspn=0.001243,0.002384&amp;vpsrc=6&amp;t=k&amp;z=18\"><span style=\"color: #333333;\">Spitalstrasse 33 \/ Postfach<\/span><\/a><\/address>\n<address><span style=\"font-style: normal;\">CH-4031 Basel<\/span><\/address>\n<address><span style=\"font-style: normal;\">Tel.: +41-61 704 1806\u00a0<\/span><\/address>\n<address><span style=\"font-style: normal;\">E-Mail: <span style=\"color: #0000ff;\">kwub@ukbb.ch<\/span><\/span><\/address>\n<p>Sprechstunde<\/p>\n<p>Jeden Montag und Donnerstag nachmittags zwischen 13.30-17.00 Uhr<\/td>\n<td valign=\"top\" width=\"558\">Fr. Marina Batovanja<br \/>\nAmb. Case Managerin Viszeralchirurgie<br \/>\nSekretariat Prof. Dr. Ch. Kettelhack<\/p>\n<address><span style=\"font-style: normal;\">Viszeralchirurgie \/ Standort Universit\u00e4tsspital<br \/>\nClarunis AG<br \/>\nUniversit\u00e4res Bauchzentrum Basel<br \/>\nPostfach, CH-4002 Basel<\/span><\/address>\n<address><span style=\"font-style: normal;\">T +41-61 777 73 01<\/span><\/address>\n<address><span style=\"font-style: normal;\">E-Mail:\u00a0<span style=\"color: #0000ff;\"> Marina.Batovanja@clarunis.ch<\/span><\/span><\/address>\n<p>Sprechstunde<\/p>\n<p>Jeden Dienstag zwischen 10:00-12:00 Uhr<\/td>\n<\/tr>\n<\/tbody>\n<\/table>\n","protected":false},"excerpt":{"rendered":"<p>Man kann uns jederzeit Patienten mit Knochen- und Weichteil- Tumorver\u00e4nderungen\u00a0zuweisen oder aber uns Unterlagen zur initialen Beurteilung zukommen lassen. Die Patienten werden von den beiden Sekretariaten zur Sprechstunde oder\u00a0je nach Dringlichkeit auch notfallm\u00e4ssig aufgeboten. Die initiale Beurteilung der Patienten erfolgt durch die beiden Leiter des KWUB, wo in Koordination mit dem Board eine initiale\u00a0Behandlungsstrategie festgelegt [&hellip;]<\/p>\n","protected":false},"author":1,"featured_media":0,"parent":0,"menu_order":4,"comment_status":"closed","ping_status":"closed","template":"","meta":{"footnotes":""},"class_list":["post-63","page","type-page","status-publish","hentry"],"_links":{"self":[{"href":"https:\/\/kwub.ch\/index.php?rest_route=\/wp\/v2\/pages\/63","targetHints":{"allow":["GET"]}}],"collection":[{"href":"https:\/\/kwub.ch\/index.php?rest_route=\/wp\/v2\/pages"}],"about":[{"href":"https:\/\/kwub.ch\/index.php?rest_route=\/wp\/v2\/types\/page"}],"author":[{"embeddable":true,"href":"https:\/\/kwub.ch\/index.php?rest_route=\/wp\/v2\/users\/1"}],"replies":[{"embeddable":true,"href":"https:\/\/kwub.ch\/index.php?rest_route=%2Fwp%2Fv2%2Fcomments&post=63"}],"version-history":[{"count":43,"href":"https:\/\/kwub.ch\/index.php?rest_route=\/wp\/v2\/pages\/63\/revisions"}],"predecessor-version":[{"id":370,"href":"https:\/\/kwub.ch\/index.php?rest_route=\/wp\/v2\/pages\/63\/revisions\/370"}],"wp:attachment":[{"href":"https:\/\/kwub.ch\/index.php?rest_route=%2Fwp%2Fv2%2Fmedia&parent=63"}],"curies":[{"name":"wp","href":"https:\/\/api.w.org\/{rel}","templated":true}]}}